{"id":93,"date":"2018-05-25T12:05:57","date_gmt":"2018-05-25T10:05:57","guid":{"rendered":"http:\/\/angielski-falenica.pl\/?page_id=93"},"modified":"2022-03-08T15:06:57","modified_gmt":"2022-03-08T14:06:57","slug":"polityka-prywatnosci-rodo-2018","status":"publish","type":"page","link":"http:\/\/angielski-falenica.pl\/index.php\/polityka-prywatnosci-rodo-2018\/","title":{"rendered":"Polityka prywatno\u015bci 1"},"content":{"rendered":"<p>Drodzy Pa\u0144stwo,<\/p>\n<p>Informujemy, \u017ce z dniem 25 maja 2018 roku wchodzi w \u017cycie Rozporz\u0105dzenie Parlamentu Europejskiego i Rady (UE) 2016\/679 z dnia 27 kwietnia 2016 r. w sprawie ochrony os\u00f3b fizycznych w zwi\u0105zku z przetwarzaniem danych osobowych i w sprawie swobodnego przep\u0142ywu takich danych oraz uchylenia dyrektywy 95\/46\/WE.<\/p>\n<p>Administratorem Pa\u0144stwa danych osobowych jest Anna Popinska Us\u0142ugi w zakresie nauczania j\u0119zyk\u00f3w obcych ul. Wasilkowska 12c 04-938 Warszawa<\/p>\n<p>Celem przetwarzania Pa\u0144stwa danych osobowych jest prowadzenie marketingu bezpo\u015bredniego w celach: informacyjnych, marketingowych, przesy\u0142ania ofert handlowych. Informacje handlowe i marketingowe dotycz\u0105ce oferty naszych produkt\u00f3w b\u0119d\u0105 przekazywane drog\u0105 elektroniczn\u0105 e-mail, wy\u0142\u0105cznie w przypadku kiedy wyrazili\u015bcie Pa\u0144stwo zgod\u0119 na ich otrzymywanie.<\/p>\n<p>Zgoda ta mo\u017ce zosta\u0107 przez Pa\u0144stwo wycofana w ka\u017cdym czasie, poprzez wys\u0142anie maila na adres andapopinska@gmail.com , co skutkowa\u0107 b\u0119dzie usuni\u0119ciem Pa\u0144stwa danych z bazy administratora.<\/p>\n<p>Administrator dok\u0142ada wszelkich stara\u0144, aby zapewni\u0107 wszelkie \u015brodki fizycznej, technicznej i organizacyjnej ochrony danych osobowych przed ich nieuprawnionym ujawnieniem.<\/p>\n","protected":false},"excerpt":{"rendered":"<p>Drodzy Pa\u0144stwo, Informujemy, \u017ce z dniem 25 maja 2018 roku wchodzi w \u017cycie Rozporz\u0105dzenie Parlamentu Europejskiego i Rady (UE) 2016\/679 z dnia 27 kwietnia 2016 r. w sprawie ochrony os\u00f3b fizycznych w zwi\u0105zku z przetwarzaniem danych osobowych i w sprawie swobodnego przep\u0142ywu takich danych oraz uchylenia dyrektywy 95\/46\/WE. Administratorem Pa\u0144stwa danych osobowych jest Anna Popinska &hellip; <\/p>\n<p class=\"link-more\"><a href=\"http:\/\/angielski-falenica.pl\/index.php\/polityka-prywatnosci-rodo-2018\/\" class=\"more-link\">Czytaj dalej<span class=\"screen-reader-text\"> Polityka prywatno\u015bci 1<\/span><\/a><\/p>\n","protected":false},"author":1,"featured_media":0,"parent":0,"menu_order":0,"comment_status":"closed","ping_status":"closed","template":"","meta":[],"_links":{"self":[{"href":"http:\/\/angielski-falenica.pl\/index.php\/wp-json\/wp\/v2\/pages\/93"}],"collection":[{"href":"http:\/\/angielski-falenica.pl\/index.php\/wp-json\/wp\/v2\/pages"}],"about":[{"href":"http:\/\/angielski-falenica.pl\/index.php\/wp-json\/wp\/v2\/types\/page"}],"author":[{"embeddable":true,"href":"http:\/\/angielski-falenica.pl\/index.php\/wp-json\/wp\/v2\/users\/1"}],"replies":[{"embeddable":true,"href":"http:\/\/angielski-falenica.pl\/index.php\/wp-json\/wp\/v2\/comments?post=93"}],"version-history":[{"count":3,"href":"http:\/\/angielski-falenica.pl\/index.php\/wp-json\/wp\/v2\/pages\/93\/revisions"}],"predecessor-version":[{"id":230,"href":"http:\/\/angielski-falenica.pl\/index.php\/wp-json\/wp\/v2\/pages\/93\/revisions\/230"}],"wp:attachment":[{"href":"http:\/\/angielski-falenica.pl\/index.php\/wp-json\/wp\/v2\/media?parent=93"}],"curies":[{"name":"wp","href":"https:\/\/api.w.org\/{rel}","templated":true}]}}