{"id":20,"date":"2015-08-20T17:25:26","date_gmt":"2015-08-20T17:25:26","guid":{"rendered":"http:\/\/angielski-falenica.pl\/?page_id=20"},"modified":"2019-12-07T16:24:33","modified_gmt":"2019-12-07T15:24:33","slug":"dojazd","status":"publish","type":"page","link":"http:\/\/angielski-falenica.pl\/index.php\/dojazd\/","title":{"rendered":"Dojazd"},"content":{"rendered":"<p>Zaj\u0119cia odbywaj\u0105 si\u0119:<\/p>\n<p>Warszawa Wawer &#8211; Falenica<\/p>\n<p><a href=\"https:\/\/www.google.com\/maps\/uv?hl=pl&amp;pb=!1s0x471ed4b14a184359%3A0x92e67e16e19d28e!3m1!7e115!4shttps%3A%2F%2Flh5.googleusercontent.com%2Fp%2FAF1QipNeEB-iiOptT_MsD2lcWV_ATq58fT-gjH4e-dn-%3Dw201-h200-k-no!5sanna%20popi%C5%84ska%20-%20Szukaj%20w%20Google!15sCAQ&amp;imagekey=!1e10!2sAF1QipNeEB-iiOptT_MsD2lcWV_ATq58fT-gjH4e-dn-&amp;sa=X&amp;ved=2ahUKEwi9-OON66PmAhXB26QKHeKaChUQoiowE3oECA0QBg\">ul. Wasilkowska 12C<\/a>\u00a0 &#8211; <strong>wej\u015bcie od ul. Narcyzowej\u00a0<\/strong>(obok gara\u017cy parking)<\/p>\n<p>10 metr\u00f3w od przystanku autobusowego Wasilkowska: nr linii 142, 115, 213<\/p>\n<p>200 metr\u00f3w od Szko\u0142y Podstawowej nr 124<\/p>\n<p><strong>mapy dojazdu:<\/strong><\/p>\n<p><a href=\"http:\/\/angielski-falenica.pl\/wp-content\/uploads\/2015\/08\/mapka.jpg\"><img decoding=\"async\" loading=\"lazy\" class=\"size-full wp-image-31 alignnone\" src=\"http:\/\/angielski-falenica.pl\/wp-content\/uploads\/2015\/08\/mapka.jpg\" alt=\"mapka\" width=\"1118\" height=\"460\" srcset=\"http:\/\/angielski-falenica.pl\/wp-content\/uploads\/2015\/08\/mapka.jpg 1118w, http:\/\/angielski-falenica.pl\/wp-content\/uploads\/2015\/08\/mapka-300x123.jpg 300w, http:\/\/angielski-falenica.pl\/wp-content\/uploads\/2015\/08\/mapka-1024x421.jpg 1024w\" sizes=\"(max-width: 767px) 89vw, (max-width: 1000px) 54vw, (max-width: 1071px) 543px, 580px\" \/><\/a><\/p>\n<p><a href=\"http:\/\/angielski-falenica.pl\/wp-content\/uploads\/2019\/03\/mapka_Wasilkowska.png\"><img decoding=\"async\" loading=\"lazy\" class=\"alignnone size-medium wp-image-107\" src=\"http:\/\/angielski-falenica.pl\/wp-content\/uploads\/2019\/03\/mapka_Wasilkowska-300x225.png\" alt=\"\" width=\"300\" height=\"225\" srcset=\"http:\/\/angielski-falenica.pl\/wp-content\/uploads\/2019\/03\/mapka_Wasilkowska-300x225.png 300w, http:\/\/angielski-falenica.pl\/wp-content\/uploads\/2019\/03\/mapka_Wasilkowska.png 445w\" sizes=\"(max-width: 300px) 100vw, 300px\" \/><\/a><\/p>\n","protected":false},"excerpt":{"rendered":"<p>Zaj\u0119cia odbywaj\u0105 si\u0119: Warszawa Wawer &#8211; Falenica ul. Wasilkowska 12C\u00a0 &#8211; wej\u015bcie od ul. Narcyzowej\u00a0(obok gara\u017cy parking) 10 metr\u00f3w od przystanku autobusowego Wasilkowska: nr linii 142, 115, 213 200 metr\u00f3w od Szko\u0142y Podstawowej nr 124 mapy dojazdu:<\/p>\n","protected":false},"author":1,"featured_media":0,"parent":0,"menu_order":3,"comment_status":"closed","ping_status":"closed","template":"","meta":[],"_links":{"self":[{"href":"http:\/\/angielski-falenica.pl\/index.php\/wp-json\/wp\/v2\/pages\/20"}],"collection":[{"href":"http:\/\/angielski-falenica.pl\/index.php\/wp-json\/wp\/v2\/pages"}],"about":[{"href":"http:\/\/angielski-falenica.pl\/index.php\/wp-json\/wp\/v2\/types\/page"}],"author":[{"embeddable":true,"href":"http:\/\/angielski-falenica.pl\/index.php\/wp-json\/wp\/v2\/users\/1"}],"replies":[{"embeddable":true,"href":"http:\/\/angielski-falenica.pl\/index.php\/wp-json\/wp\/v2\/comments?post=20"}],"version-history":[{"count":11,"href":"http:\/\/angielski-falenica.pl\/index.php\/wp-json\/wp\/v2\/pages\/20\/revisions"}],"predecessor-version":[{"id":141,"href":"http:\/\/angielski-falenica.pl\/index.php\/wp-json\/wp\/v2\/pages\/20\/revisions\/141"}],"wp:attachment":[{"href":"http:\/\/angielski-falenica.pl\/index.php\/wp-json\/wp\/v2\/media?parent=20"}],"curies":[{"name":"wp","href":"https:\/\/api.w.org\/{rel}","templated":true}]}}