{"id":11,"date":"2015-08-20T16:58:04","date_gmt":"2015-08-20T16:58:04","guid":{"rendered":"http:\/\/angielski-falenica.pl\/?page_id=11"},"modified":"2025-08-10T23:55:00","modified_gmt":"2025-08-10T21:55:00","slug":"o-mnie","status":"publish","type":"page","link":"http:\/\/angielski-falenica.pl\/index.php\/o-mnie\/","title":{"rendered":"O mnie"},"content":{"rendered":"<p><strong>NASI NAUCZYCIELE:<\/strong><\/p>\n<p>ZAPRASZAMY DO WSP\u00d3\u0141PRACY.<\/p>\n<p>mgr Anna Popi\u0144ska:<\/p>\n<p><strong>Wykszta\u0142cenie:<\/strong><\/p>\n<ul>\n<li>Uniwersytet \u015al\u0105ski Wydzia\u0142 Filologiczny studia jednolite 5-letnie<\/li>\n<li>Uniwersytet Gda\u0144ski Studia Podyplomowe Wydzia\u0142 Logopedii<\/li>\n<li>Uniwersytet Warszawski\u00a0 Studia Podyplomowe Filozofii i Etyki<\/li>\n<li>Wy\u017csza Szko\u0142a Lingwistyczna, studia II stopnia Filologii Angielskiej<\/li>\n<li>Studia Podyplomowe \u2013 Oligofrenopedagogika, Wy\u017csza Szko\u0142a Nauk o Zdrowiu<\/li>\n<li>Kurs kwalifikacyjny z zakresu zarz\u0105dzania o\u015bwiat\u0105<\/li>\n<li>English Course in British Council Warsaw (Advanced and Proficiency Levels):<\/li>\n<li>Certificate in Advanced English (Cambridge University)<\/li>\n<li>Certificate of Proficiency in English (Cambridge University)<\/li>\n<li>Certificate ETS Accredited Test Supervisor (TOEIC)<\/li>\n<\/ul>\n<p><a href=\"http:\/\/www.linkedin.com\/in\/mgr-anna-popi\u0144ska-3b7977235\"><img decoding=\"async\" loading=\"lazy\" class=\"alignnone size-medium wp-image-245\" src=\"http:\/\/angielski-falenica.pl\/wp-content\/uploads\/2022\/03\/ProfilAP_2022-268x300.png\" alt=\"\" width=\"268\" height=\"300\" srcset=\"http:\/\/angielski-falenica.pl\/wp-content\/uploads\/2022\/03\/ProfilAP_2022-268x300.png 268w, http:\/\/angielski-falenica.pl\/wp-content\/uploads\/2022\/03\/ProfilAP_2022.png 282w\" sizes=\"(max-width: 268px) 100vw, 268px\" \/><\/a><\/p>\n","protected":false},"excerpt":{"rendered":"<p>NASI NAUCZYCIELE: ZAPRASZAMY DO WSP\u00d3\u0141PRACY. mgr Anna Popi\u0144ska: Wykszta\u0142cenie: Uniwersytet \u015al\u0105ski Wydzia\u0142 Filologiczny studia jednolite 5-letnie Uniwersytet Gda\u0144ski Studia Podyplomowe Wydzia\u0142 Logopedii Uniwersytet Warszawski\u00a0 Studia Podyplomowe Filozofii i Etyki Wy\u017csza Szko\u0142a Lingwistyczna, studia II stopnia Filologii Angielskiej Studia Podyplomowe \u2013 Oligofrenopedagogika, Wy\u017csza Szko\u0142a Nauk o Zdrowiu Kurs kwalifikacyjny z zakresu zarz\u0105dzania o\u015bwiat\u0105 English Course in &hellip; <\/p>\n<p class=\"link-more\"><a href=\"http:\/\/angielski-falenica.pl\/index.php\/o-mnie\/\" class=\"more-link\">Czytaj dalej<span class=\"screen-reader-text\"> O mnie<\/span><\/a><\/p>\n","protected":false},"author":1,"featured_media":0,"parent":0,"menu_order":1,"comment_status":"closed","ping_status":"closed","template":"","meta":[],"_links":{"self":[{"href":"http:\/\/angielski-falenica.pl\/index.php\/wp-json\/wp\/v2\/pages\/11"}],"collection":[{"href":"http:\/\/angielski-falenica.pl\/index.php\/wp-json\/wp\/v2\/pages"}],"about":[{"href":"http:\/\/angielski-falenica.pl\/index.php\/wp-json\/wp\/v2\/types\/page"}],"author":[{"embeddable":true,"href":"http:\/\/angielski-falenica.pl\/index.php\/wp-json\/wp\/v2\/users\/1"}],"replies":[{"embeddable":true,"href":"http:\/\/angielski-falenica.pl\/index.php\/wp-json\/wp\/v2\/comments?post=11"}],"version-history":[{"count":26,"href":"http:\/\/angielski-falenica.pl\/index.php\/wp-json\/wp\/v2\/pages\/11\/revisions"}],"predecessor-version":[{"id":290,"href":"http:\/\/angielski-falenica.pl\/index.php\/wp-json\/wp\/v2\/pages\/11\/revisions\/290"}],"wp:attachment":[{"href":"http:\/\/angielski-falenica.pl\/index.php\/wp-json\/wp\/v2\/media?parent=11"}],"curies":[{"name":"wp","href":"https:\/\/api.w.org\/{rel}","templated":true}]}}